{"id":98,"date":"2019-10-08T22:33:26","date_gmt":"2019-10-08T20:33:26","guid":{"rendered":"https:\/\/myparistouch.com\/?page_id=98"},"modified":"2025-04-08T08:59:16","modified_gmt":"2025-04-08T06:59:16","slug":"a-propos","status":"publish","type":"page","link":"https:\/\/myparistouch.com\/fr\/a-propos\/","title":{"rendered":"A propos"},"content":{"rendered":"<p>[et_pb_section fb_built=\u00a0\u00bb1&Prime; disabled_on=\u00a0\u00bboff|off|off\u00a0\u00bb admin_label=\u00a0\u00bbHero\u00a0\u00bb _builder_version=\u00a0\u00bb4.16&Prime; background_color=\u00a0\u00bb#084666&Prime; use_background_color_gradient=\u00a0\u00bbon\u00a0\u00bb background_color_gradient_direction=\u00a0\u00bb170deg\u00a0\u00bb background_color_gradient_stops=\u00a0\u00bb#002e4f 1%|rgba(8,70,102,0.8) 100%\u00a0\u00bb background_color_gradient_overlays_image=\u00a0\u00bbon\u00a0\u00bb background_color_gradient_start=\u00a0\u00bb#002e4f\u00a0\u00bb background_color_gradient_start_position=\u00a0\u00bb1%\u00a0\u00bb background_color_gradient_end=\u00a0\u00bbrgba(8,70,102,0.8)\u00a0\u00bb background_image=\u00a0\u00bbhttps:\/\/myparistouch.com\/wp-content\/uploads\/2019\/10\/delphine-background-contact.jpg\u00a0\u00bb custom_padding=\u00a0\u00bb|||\u00a0\u00bb global_colors_info=\u00a0\u00bb{}\u00a0\u00bb][et_pb_row _builder_version=\u00a0\u00bb4.16&Prime; background_size=\u00a0\u00bbinitial\u00a0\u00bb background_position=\u00a0\u00bbtop_left\u00a0\u00bb background_repeat=\u00a0\u00bbrepeat\u00a0\u00bb custom_padding=\u00a0\u00bb27px|0px|27px|0px|false|false\u00a0\u00bb global_colors_info=\u00a0\u00bb{}\u00a0\u00bb][et_pb_column type=\u00a0\u00bb4_4&Prime; _builder_version=\u00a0\u00bb4.16&Prime; custom_padding=\u00a0\u00bb|||\u00a0\u00bb global_colors_info=\u00a0\u00bb{}\u00a0\u00bb custom_padding__hover=\u00a0\u00bb|||\u00a0\u00bb][et_pb_text admin_label=\u00a0\u00bbTexte\u00a0\u00bb _builder_version=\u00a0\u00bb4.16&Prime; text_font=\u00a0\u00bb||||||||\u00a0\u00bb text_font_size=\u00a0\u00bb20px\u00a0\u00bb text_line_height=\u00a0\u00bb1.8em\u00a0\u00bb header_font=\u00a0\u00bbOpen Sans|800|||||||\u00a0\u00bb header_font_size=\u00a0\u00bb60px\u00a0\u00bb header_line_height=\u00a0\u00bb1.3em\u00a0\u00bb background_size=\u00a0\u00bbinitial\u00a0\u00bb background_position=\u00a0\u00bbtop_left\u00a0\u00bb background_repeat=\u00a0\u00bbrepeat\u00a0\u00bb background_layout=\u00a0\u00bbdark\u00a0\u00bb max_width=\u00a0\u00bb934px\u00a0\u00bb custom_margin=\u00a0\u00bb|||\u00a0\u00bb custom_margin_tablet=\u00a0\u00bb|100px||\u00a0\u00bb custom_margin_phone=\u00a0\u00bb|30px||\u00a0\u00bb custom_margin_last_edited=\u00a0\u00bboff|desktop\u00a0\u00bb custom_padding=\u00a0\u00bb|2px|0px|||\u00a0\u00bb header_font_size_tablet=\u00a0\u00bb50px\u00a0\u00bb header_font_size_phone=\u00a0\u00bb40px\u00a0\u00bb header_font_size_last_edited=\u00a0\u00bbon|phone\u00a0\u00bb header_line_height_tablet=\u00a0\u00bb\u00a0\u00bb header_line_height_phone=\u00a0\u00bb\u00a0\u00bb header_line_height_last_edited=\u00a0\u00bbon|desktop\u00a0\u00bb global_colors_info=\u00a0\u00bb{}\u00a0\u00bb]<\/p>\n<p>Dot\u00e9e d\u2019un sens inn\u00e9 du service, d\u2019une r\u00e9activit\u00e9 et d\u2019une adaptabilit\u00e9 \u00e0 toute \u00e9preuve, orient\u00e9e solutions, Delphine facilite depuis plus de 20 ans le quotidien des professionnels pour leur permettre de se concentrer sur leurs missions.<\/p>\n<h1>Vos expatri\u00e9s sont entre de bonnes mains<\/h1>\n<p>Au fil de son parcours professionnel, elle a travaill\u00e9 exclusivement pour de grands groupes internationaux r\u00e9put\u00e9s pour leur exigence : <strong>McKinsey, Bank of America<\/strong> <strong>Merril Lynch.<\/strong> Sur le plan personnel, elle est quotidiennement baign\u00e9e dans l\u2019international : \u00e9tudes linguistiques, entourage, voyages dans de nombreux pays, etc.<\/p>\n<h1>Parisienne dans l&rsquo;\u00e2me<\/h1>\n<p>Cosmopolite et passionn\u00e9e par les relations inter-culturelles, trilingue fran\u00e7ais-anglais-allemand, elle participe activement \u00e0 l&rsquo;organisation des conf\u00e9rences<a href=\"https:\/\/tedxsaclay.com\/\">\u00a0TEDx Saclay<\/a> depuis 2018 ce qui alimente son app\u00e9tit pour l&rsquo;innovation, l&rsquo;\u00e9v\u00e9nementiel et les rencontres en tout genre.<\/p>\n<p>Delphine a trouv\u00e9 sa vocation : mettre au service des expatri\u00e9s sa connaissance de Paris et de la France, son vaste r\u00e9seau, son \u00e9tourdissante <strong>d\u00e9brouillardise<\/strong> et sa passion pour un service de haute qualit\u00e9.<\/p>\n<p>Amoureuse de sa ville, elle fait aussi d\u00e9couvrir Paris \u00e0 de nombreux \u00e9trangers.<\/p>\n<p>[\/et_pb_text][et_pb_button button_url=\u00a0\u00bbhttps:\/\/tidycal.com\/delphine2\/30min20250228120834&Prime; button_text=\u00a0\u00bbPrendre Rendez-vous\u00a0\u00bb _builder_version=\u00a0\u00bb4.27.4&Prime; custom_button=\u00a0\u00bbon\u00a0\u00bb button_text_size=\u00a0\u00bb15px\u00a0\u00bb button_bg_color=\u00a0\u00bb#f8a51f\u00a0\u00bb button_border_width=\u00a0\u00bb0px\u00a0\u00bb button_border_radius=\u00a0\u00bb0px\u00a0\u00bb button_letter_spacing=\u00a0\u00bb2px\u00a0\u00bb button_font=\u00a0\u00bbOpen Sans|700||on|||||\u00a0\u00bb button_use_icon=\u00a0\u00bboff\u00a0\u00bb background_layout=\u00a0\u00bbdark\u00a0\u00bb custom_margin=\u00a0\u00bb||||true\u00a0\u00bb custom_padding=\u00a0\u00bb16px|32px|16px|32px|true|true\u00a0\u00bb hover_enabled=\u00a0\u00bb0&Prime; button_letter_spacing_hover=\u00a0\u00bb2px\u00a0\u00bb button_bg_color_hover=\u00a0\u00bb#00e2c4&Prime; global_colors_info=\u00a0\u00bb{}\u00a0\u00bb button_text_size__hover_enabled=\u00a0\u00bboff\u00a0\u00bb button_one_text_size__hover_enabled=\u00a0\u00bboff\u00a0\u00bb button_two_text_size__hover_enabled=\u00a0\u00bboff\u00a0\u00bb button_text_color__hover_enabled=\u00a0\u00bboff\u00a0\u00bb button_one_text_color__hover_enabled=\u00a0\u00bboff\u00a0\u00bb button_two_text_color__hover_enabled=\u00a0\u00bboff\u00a0\u00bb button_border_width__hover_enabled=\u00a0\u00bboff\u00a0\u00bb button_one_border_width__hover_enabled=\u00a0\u00bboff\u00a0\u00bb button_two_border_width__hover_enabled=\u00a0\u00bboff\u00a0\u00bb button_border_color__hover_enabled=\u00a0\u00bboff\u00a0\u00bb button_one_border_color__hover_enabled=\u00a0\u00bboff\u00a0\u00bb button_two_border_color__hover_enabled=\u00a0\u00bboff\u00a0\u00bb button_border_radius__hover_enabled=\u00a0\u00bboff\u00a0\u00bb button_one_border_radius__hover_enabled=\u00a0\u00bboff\u00a0\u00bb button_two_border_radius__hover_enabled=\u00a0\u00bboff\u00a0\u00bb button_letter_spacing__hover_enabled=\u00a0\u00bbon\u00a0\u00bb button_letter_spacing__hover=\u00a0\u00bb2px\u00a0\u00bb button_one_letter_spacing__hover_enabled=\u00a0\u00bboff\u00a0\u00bb button_two_letter_spacing__hover_enabled=\u00a0\u00bboff\u00a0\u00bb button_bg_color__hover_enabled=\u00a0\u00bbon\u00a0\u00bb button_bg_color__hover=\u00a0\u00bb#00e2c4&Prime; button_one_bg_color__hover_enabled=\u00a0\u00bboff\u00a0\u00bb button_two_bg_color__hover_enabled=\u00a0\u00bboff\u00a0\u00bb sticky_enabled=\u00a0\u00bb0&Prime;][\/et_pb_button][\/et_pb_column][\/et_pb_row][\/et_pb_section][et_pb_section fb_built=\u00a0\u00bb1&Prime; _builder_version=\u00a0\u00bb4.16&Prime; global_colors_info=\u00a0\u00bb{}\u00a0\u00bb][et_pb_row column_structure=\u00a0\u00bb1_3,1_3,1_3&Prime; _builder_version=\u00a0\u00bb4.16&Prime; global_colors_info=\u00a0\u00bb{}\u00a0\u00bb][et_pb_column type=\u00a0\u00bb1_3&Prime; _builder_version=\u00a0\u00bb4.16&Prime; global_colors_info=\u00a0\u00bb{}\u00a0\u00bb][et_pb_blurb title=\u00a0\u00bbEcoute et compr\u00e9hension du besoin\u00a0\u00bb use_icon=\u00a0\u00bbon\u00a0\u00bb font_icon=\u00a0\u00bb&#xe007;||divi||400&Prime; _builder_version=\u00a0\u00bb4.16&Prime; custom_padding=\u00a0\u00bb||0px|14px||\u00a0\u00bb global_colors_info=\u00a0\u00bb{}\u00a0\u00bb]<\/p>\n<p>Pour exercer avec succ\u00e8s le m\u00e9tier d&rsquo;assistante de direction (un m\u00e9tier de service), se mettre \u00e0 la place de l&rsquo;autre et faire preuve d&#8217;empathie sont des \u00e9l\u00e9ments indispensables, ils permettent de mieux comprendre la situation le besoin et de trouver la solution la plus adapt\u00e9e.<\/p>\n<p>[\/et_pb_blurb][\/et_pb_column][et_pb_column type=\u00a0\u00bb1_3&Prime; _builder_version=\u00a0\u00bb4.16&Prime; global_colors_info=\u00a0\u00bb{}\u00a0\u00bb][et_pb_blurb title=\u00a0\u00bbFacilit\u00e9 relationnelle : ma\u00eetrise du r\u00e9seautage\u00a0\u00bb use_icon=\u00a0\u00bbon\u00a0\u00bb font_icon=\u00a0\u00bb&#xe105;||divi||400&Prime; _builder_version=\u00a0\u00bb4.16&Prime; global_colors_info=\u00a0\u00bb{}\u00a0\u00bb]<\/p>\n<p>Aujourd&rsquo;hui encore plus qu&rsquo;hier ma\u00eetriser les r\u00e9seaux est un fabuleux avantage. Dans de nombreuses situations, conna\u00eetre la bonne personne pour r\u00e9soudre un probl\u00e8me en particulier fait gagner un temps pr\u00e9cieux.<\/p>\n<p>[\/et_pb_blurb][\/et_pb_column][et_pb_column type=\u00a0\u00bb1_3&Prime; _builder_version=\u00a0\u00bb4.16&Prime; global_colors_info=\u00a0\u00bb{}\u00a0\u00bb][et_pb_blurb title=\u00a0\u00bbLa recherche de solutions cr\u00e9atives\u00a0\u00bb use_icon=\u00a0\u00bbon\u00a0\u00bb font_icon=\u00a0\u00bb&#x4e;||divi||400&Prime; _builder_version=\u00a0\u00bb4.16&Prime; custom_margin=\u00a0\u00bb2px||||false|false\u00a0\u00bb custom_padding=\u00a0\u00bb0px|||14px|false|false\u00a0\u00bb global_colors_info=\u00a0\u00bb{}\u00a0\u00bb]<\/p>\n<p>Personne n&rsquo;est omniscient mais quand l&rsquo;envie de rendre service est alli\u00e9e \u00e0 une grande curiosit\u00e9, la cr\u00e9ativit\u00e9 s&rsquo;en m\u00eale pour trouver une solution m\u00eame aux probl\u00e8mes les plus insolites.<\/p>\n<p>[\/et_pb_blurb][\/et_pb_column][\/et_pb_row][\/et_pb_section][et_pb_section fb_built=\u00a0\u00bb1&Prime; _builder_version=\u00a0\u00bb4.16&Prime; _module_preset=\u00a0\u00bbdefault\u00a0\u00bb global_colors_info=\u00a0\u00bb{}\u00a0\u00bb][et_pb_row column_structure=\u00a0\u00bb1_3,2_3&Prime; _builder_version=\u00a0\u00bb4.16&Prime; _module_preset=\u00a0\u00bbdefault\u00a0\u00bb global_colors_info=\u00a0\u00bb{}\u00a0\u00bb][et_pb_column type=\u00a0\u00bb1_3&Prime; _builder_version=\u00a0\u00bb4.16&Prime; _module_preset=\u00a0\u00bbdefault\u00a0\u00bb global_colors_info=\u00a0\u00bb{}\u00a0\u00bb][\/et_pb_column][et_pb_column type=\u00a0\u00bb2_3&Prime; _builder_version=\u00a0\u00bb4.16&Prime; _module_preset=\u00a0\u00bbdefault\u00a0\u00bb global_colors_info=\u00a0\u00bb{}\u00a0\u00bb][\/et_pb_column][\/et_pb_row][\/et_pb_section][et_pb_section fb_built=\u00a0\u00bb1&Prime; disabled_on=\u00a0\u00bboff|off|off\u00a0\u00bb _builder_version=\u00a0\u00bb4.16&Prime; background_color=\u00a0\u00bbrgba(162,176,193,0.45)\u00a0\u00bb custom_padding=\u00a0\u00bb0px||0px|||\u00a0\u00bb locked=\u00a0\u00bboff\u00a0\u00bb global_colors_info=\u00a0\u00bb{}\u00a0\u00bb][et_pb_row column_structure=\u00a0\u00bb3_5,2_5&Prime; _builder_version=\u00a0\u00bb4.16&Prime; global_colors_info=\u00a0\u00bb{}\u00a0\u00bb][et_pb_column type=\u00a0\u00bb3_5&Prime; _builder_version=\u00a0\u00bb4.16&Prime; global_colors_info=\u00a0\u00bb{}\u00a0\u00bb][et_pb_text _builder_version=\u00a0\u00bb4.16&Prime; text_font_size=\u00a0\u00bb19px\u00a0\u00bb header_3_font=\u00a0\u00bb|700|||||||\u00a0\u00bb header_3_font_size=\u00a0\u00bb25px\u00a0\u00bb custom_padding=\u00a0\u00bb||0px|1px||\u00a0\u00bb global_colors_info=\u00a0\u00bb{}\u00a0\u00bb]<\/p>\n<p>&nbsp;<\/p>\n<h3>MyParisTouch c&rsquo;est aussi un r\u00e9seau de prestataires de qualit\u00e9<\/h3>\n<p>&nbsp;<\/p>\n<p>La gen\u00e8se de MyParisTouch est la volont\u00e9 tr\u00e8s forte de mettre en valeur et d&rsquo;allier mes deux points forts :<\/p>\n<ul>\n<li>mon sens du service<\/li>\n<li>ma facilit\u00e9 \u00e0 cr\u00e9er du lien et surtout \u00e0 cr\u00e9er des connexions<\/li>\n<\/ul>\n<p>Trouver le bon prestataire et la bonne solution fait partie des fondamentaux de MyParisTouch.<\/p>\n<p>&nbsp;<\/p>\n<p>&nbsp;<\/p>\n<p>&nbsp;<\/p>\n<p>&nbsp;<\/p>\n<p>[\/et_pb_text][\/et_pb_column][et_pb_column type=\u00a0\u00bb2_5&Prime; _builder_version=\u00a0\u00bb4.16&Prime; global_colors_info=\u00a0\u00bb{}\u00a0\u00bb][et_pb_image src=\u00a0\u00bbhttps:\/\/myparistouch.com\/wp-content\/uploads\/2019\/10\/delphine-briere-portrait-exterieur.jpg\u00a0\u00bb _builder_version=\u00a0\u00bb4.16&Prime; border_radii=\u00a0\u00bbon|5px|5px|5px|5px\u00a0\u00bb global_colors_info=\u00a0\u00bb{}\u00a0\u00bb][\/et_pb_image][et_pb_team_member name=\u00a0\u00bbDelphine Bri\u00e8re\u00a0\u00bb position=\u00a0\u00bbConsultante en int\u00e9gration internationale\u00a0\u00bb icon_color=\u00a0\u00bb#12eaa6&Prime; admin_label=\u00a0\u00bbPersonne\u00a0\u00bb _builder_version=\u00a0\u00bb4.16&Prime; header_font_size=\u00a0\u00bb26px\u00a0\u00bb position_font_size=\u00a0\u00bb18px\u00a0\u00bb global_colors_info=\u00a0\u00bb{}\u00a0\u00bb][\/et_pb_team_member][\/et_pb_column][\/et_pb_row][et_pb_row _builder_version=\u00a0\u00bb4.16&Prime; locked=\u00a0\u00bboff\u00a0\u00bb global_colors_info=\u00a0\u00bb{}\u00a0\u00bb][et_pb_column type=\u00a0\u00bb4_4&Prime; _builder_version=\u00a0\u00bb4.16&Prime; global_colors_info=\u00a0\u00bb{}\u00a0\u00bb][et_pb_button button_url=\u00a0\u00bbhttps:\/\/myparistouch.com\/fr\/contact\/\u00a0\u00bb button_text=\u00a0\u00bbContacter MyParisTouch\u00a0\u00bb button_alignment=\u00a0\u00bbcenter\u00a0\u00bb admin_label=\u00a0\u00bbbouton vers contact\u00a0\u00bb _builder_version=\u00a0\u00bb4.27.4&Prime; custom_button=\u00a0\u00bbon\u00a0\u00bb button_text_size=\u00a0\u00bb15px\u00a0\u00bb button_bg_color=\u00a0\u00bb#f8a51f\u00a0\u00bb button_border_width=\u00a0\u00bb0px\u00a0\u00bb button_border_radius=\u00a0\u00bb0px\u00a0\u00bb button_letter_spacing=\u00a0\u00bb2px\u00a0\u00bb button_font=\u00a0\u00bbOpen Sans|700||on|||||\u00a0\u00bb button_use_icon=\u00a0\u00bboff\u00a0\u00bb background_layout=\u00a0\u00bbdark\u00a0\u00bb custom_margin=\u00a0\u00bb||||true\u00a0\u00bb custom_padding=\u00a0\u00bb16px|32px|16px|32px|true|true\u00a0\u00bb hover_enabled=\u00a0\u00bb0&Prime; button_letter_spacing_hover=\u00a0\u00bb2px\u00a0\u00bb button_bg_color_hover=\u00a0\u00bb#00e2c4&Prime; locked=\u00a0\u00bboff\u00a0\u00bb global_colors_info=\u00a0\u00bb{}\u00a0\u00bb button_text_size__hover_enabled=\u00a0\u00bboff\u00a0\u00bb button_one_text_size__hover_enabled=\u00a0\u00bboff\u00a0\u00bb button_two_text_size__hover_enabled=\u00a0\u00bboff\u00a0\u00bb button_text_color__hover_enabled=\u00a0\u00bboff\u00a0\u00bb button_one_text_color__hover_enabled=\u00a0\u00bboff\u00a0\u00bb button_two_text_color__hover_enabled=\u00a0\u00bboff\u00a0\u00bb button_border_width__hover_enabled=\u00a0\u00bboff\u00a0\u00bb button_one_border_width__hover_enabled=\u00a0\u00bboff\u00a0\u00bb button_two_border_width__hover_enabled=\u00a0\u00bboff\u00a0\u00bb button_border_color__hover_enabled=\u00a0\u00bboff\u00a0\u00bb button_one_border_color__hover_enabled=\u00a0\u00bboff\u00a0\u00bb button_two_border_color__hover_enabled=\u00a0\u00bboff\u00a0\u00bb button_border_radius__hover_enabled=\u00a0\u00bboff\u00a0\u00bb button_one_border_radius__hover_enabled=\u00a0\u00bboff\u00a0\u00bb button_two_border_radius__hover_enabled=\u00a0\u00bboff\u00a0\u00bb button_letter_spacing__hover_enabled=\u00a0\u00bbon\u00a0\u00bb button_letter_spacing__hover=\u00a0\u00bb2px\u00a0\u00bb button_one_letter_spacing__hover_enabled=\u00a0\u00bboff\u00a0\u00bb button_two_letter_spacing__hover_enabled=\u00a0\u00bboff\u00a0\u00bb button_bg_color__hover_enabled=\u00a0\u00bbon\u00a0\u00bb button_bg_color__hover=\u00a0\u00bb#00e2c4&Prime; button_one_bg_color__hover_enabled=\u00a0\u00bboff\u00a0\u00bb button_two_bg_color__hover_enabled=\u00a0\u00bboff\u00a0\u00bb sticky_enabled=\u00a0\u00bb0&Prime;][\/et_pb_button][\/et_pb_column][\/et_pb_row][\/et_pb_section]<\/p>\n","protected":false},"excerpt":{"rendered":"<p>En savoir plus sur MyParisTouch et Delphine BRIERE <\/p>\n","protected":false},"author":2,"featured_media":0,"parent":0,"menu_order":0,"comment_status":"closed","ping_status":"closed","template":"","meta":{"_et_pb_use_builder":"on","_et_pb_old_content":"","_et_gb_content_width":"","_monsterinsights_skip_tracking":false,"_monsterinsights_sitenote_active":false,"_monsterinsights_sitenote_note":"","_monsterinsights_sitenote_category":0,"_uf_show_specific_survey":0,"_uf_disable_surveys":false,"footnotes":""},"class_list":["post-98","page","type-page","status-publish","hentry"],"yoast_head":"<!-- This site is optimized with the Yoast SEO plugin v27.3 - https:\/\/yoast.com\/product\/yoast-seo-wordpress\/ -->\n<title>A propos - MyParisTouch<\/title>\n<meta name=\"description\" content=\"MyParisTouch accompagne les expatri\u00e9s \u00e0 Paris avec des services de relocation et de conciergerie sur mesure. Profitez d\u2019un accompagnement personnalis\u00e9 pour une installation sereine dans la Ville Lumi\u00e8re !&quot;\" \/>\n<meta name=\"robots\" content=\"index, follow, max-snippet:-1, max-image-preview:large, max-video-preview:-1\" \/>\n<link rel=\"canonical\" href=\"https:\/\/myparistouch.com\/fr\/a-propos\/\" \/>\n<meta property=\"og:locale\" content=\"fr_FR\" \/>\n<meta property=\"og:type\" content=\"article\" \/>\n<meta property=\"og:title\" content=\"A propos - MyParisTouch\" \/>\n<meta property=\"og:description\" content=\"MyParisTouch accompagne les expatri\u00e9s \u00e0 Paris avec des services de relocation et de conciergerie sur mesure. Profitez d\u2019un accompagnement personnalis\u00e9 pour une installation sereine dans la Ville Lumi\u00e8re !&quot;\" \/>\n<meta property=\"og:url\" content=\"https:\/\/myparistouch.com\/fr\/a-propos\/\" \/>\n<meta property=\"og:site_name\" content=\"MyParisTouch\" \/>\n<meta property=\"article:publisher\" content=\"https:\/\/www.facebook.com\/MyParisTouch\/?ref=bookmarks\" \/>\n<meta property=\"article:modified_time\" content=\"2025-04-08T06:59:16+00:00\" \/>\n<meta name=\"twitter:card\" content=\"summary_large_image\" \/>\n<meta name=\"twitter:site\" content=\"@BriereDelphine\" \/>\n<meta name=\"twitter:label1\" content=\"Dur\u00e9e de lecture estim\u00e9e\" \/>\n\t<meta name=\"twitter:data1\" content=\"4 minutes\" \/>\n<script type=\"application\/ld+json\" class=\"yoast-schema-graph\">{\"@context\":\"https:\\\/\\\/schema.org\",\"@graph\":[{\"@type\":\"WebPage\",\"@id\":\"https:\\\/\\\/myparistouch.com\\\/fr\\\/a-propos\\\/\",\"url\":\"https:\\\/\\\/myparistouch.com\\\/fr\\\/a-propos\\\/\",\"name\":\"A propos - MyParisTouch\",\"isPartOf\":{\"@id\":\"https:\\\/\\\/myparistouch.com\\\/fr\\\/#website\"},\"datePublished\":\"2019-10-08T20:33:26+00:00\",\"dateModified\":\"2025-04-08T06:59:16+00:00\",\"description\":\"MyParisTouch accompagne les expatri\u00e9s \u00e0 Paris avec des services de relocation et de conciergerie sur mesure. Profitez d\u2019un accompagnement personnalis\u00e9 pour une installation sereine dans la Ville Lumi\u00e8re !\\\"\",\"breadcrumb\":{\"@id\":\"https:\\\/\\\/myparistouch.com\\\/fr\\\/a-propos\\\/#breadcrumb\"},\"inLanguage\":\"fr-FR\",\"potentialAction\":[{\"@type\":\"ReadAction\",\"target\":[\"https:\\\/\\\/myparistouch.com\\\/fr\\\/a-propos\\\/\"]}]},{\"@type\":\"BreadcrumbList\",\"@id\":\"https:\\\/\\\/myparistouch.com\\\/fr\\\/a-propos\\\/#breadcrumb\",\"itemListElement\":[{\"@type\":\"ListItem\",\"position\":1,\"name\":\"Accueil\",\"item\":\"https:\\\/\\\/myparistouch.com\\\/fr\\\/\"},{\"@type\":\"ListItem\",\"position\":2,\"name\":\"A propos\"}]},{\"@type\":\"WebSite\",\"@id\":\"https:\\\/\\\/myparistouch.com\\\/fr\\\/#website\",\"url\":\"https:\\\/\\\/myparistouch.com\\\/fr\\\/\",\"name\":\"MyParisTouch\",\"description\":\"Accompagnement des expatri\u00e9s \u00e0 Paris\",\"publisher\":{\"@id\":\"https:\\\/\\\/myparistouch.com\\\/fr\\\/#organization\"},\"potentialAction\":[{\"@type\":\"SearchAction\",\"target\":{\"@type\":\"EntryPoint\",\"urlTemplate\":\"https:\\\/\\\/myparistouch.com\\\/fr\\\/?s={search_term_string}\"},\"query-input\":{\"@type\":\"PropertyValueSpecification\",\"valueRequired\":true,\"valueName\":\"search_term_string\"}}],\"inLanguage\":\"fr-FR\"},{\"@type\":\"Organization\",\"@id\":\"https:\\\/\\\/myparistouch.com\\\/fr\\\/#organization\",\"name\":\"MyParisTouch\",\"url\":\"https:\\\/\\\/myparistouch.com\\\/fr\\\/\",\"logo\":{\"@type\":\"ImageObject\",\"inLanguage\":\"fr-FR\",\"@id\":\"https:\\\/\\\/myparistouch.com\\\/fr\\\/#\\\/schema\\\/logo\\\/image\\\/\",\"url\":\"https:\\\/\\\/myparistouch.com\\\/wp-content\\\/uploads\\\/2020\\\/02\\\/logo-mpt-233x300-1.png\",\"contentUrl\":\"https:\\\/\\\/myparistouch.com\\\/wp-content\\\/uploads\\\/2020\\\/02\\\/logo-mpt-233x300-1.png\",\"width\":233,\"height\":300,\"caption\":\"MyParisTouch\"},\"image\":{\"@id\":\"https:\\\/\\\/myparistouch.com\\\/fr\\\/#\\\/schema\\\/logo\\\/image\\\/\"},\"sameAs\":[\"https:\\\/\\\/www.facebook.com\\\/MyParisTouch\\\/?ref=bookmarks\",\"https:\\\/\\\/x.com\\\/BriereDelphine\",\"https:\\\/\\\/www.instagram.com\\\/myparistouch\\\/\",\"https:\\\/\\\/www.linkedin.com\\\/in\\\/delphine-briere\"]}]}<\/script>\n<!-- \/ Yoast SEO plugin. -->","yoast_head_json":{"title":"A propos - MyParisTouch","description":"MyParisTouch accompagne les expatri\u00e9s \u00e0 Paris avec des services de relocation et de conciergerie sur mesure. Profitez d\u2019un accompagnement personnalis\u00e9 pour une installation sereine dans la Ville Lumi\u00e8re !\"","robots":{"index":"index","follow":"follow","max-snippet":"max-snippet:-1","max-image-preview":"max-image-preview:large","max-video-preview":"max-video-preview:-1"},"canonical":"https:\/\/myparistouch.com\/fr\/a-propos\/","og_locale":"fr_FR","og_type":"article","og_title":"A propos - MyParisTouch","og_description":"MyParisTouch accompagne les expatri\u00e9s \u00e0 Paris avec des services de relocation et de conciergerie sur mesure. Profitez d\u2019un accompagnement personnalis\u00e9 pour une installation sereine dans la Ville Lumi\u00e8re !\"","og_url":"https:\/\/myparistouch.com\/fr\/a-propos\/","og_site_name":"MyParisTouch","article_publisher":"https:\/\/www.facebook.com\/MyParisTouch\/?ref=bookmarks","article_modified_time":"2025-04-08T06:59:16+00:00","twitter_card":"summary_large_image","twitter_site":"@BriereDelphine","twitter_misc":{"Dur\u00e9e de lecture estim\u00e9e":"4 minutes"},"schema":{"@context":"https:\/\/schema.org","@graph":[{"@type":"WebPage","@id":"https:\/\/myparistouch.com\/fr\/a-propos\/","url":"https:\/\/myparistouch.com\/fr\/a-propos\/","name":"A propos - MyParisTouch","isPartOf":{"@id":"https:\/\/myparistouch.com\/fr\/#website"},"datePublished":"2019-10-08T20:33:26+00:00","dateModified":"2025-04-08T06:59:16+00:00","description":"MyParisTouch accompagne les expatri\u00e9s \u00e0 Paris avec des services de relocation et de conciergerie sur mesure. Profitez d\u2019un accompagnement personnalis\u00e9 pour une installation sereine dans la Ville Lumi\u00e8re !\"","breadcrumb":{"@id":"https:\/\/myparistouch.com\/fr\/a-propos\/#breadcrumb"},"inLanguage":"fr-FR","potentialAction":[{"@type":"ReadAction","target":["https:\/\/myparistouch.com\/fr\/a-propos\/"]}]},{"@type":"BreadcrumbList","@id":"https:\/\/myparistouch.com\/fr\/a-propos\/#breadcrumb","itemListElement":[{"@type":"ListItem","position":1,"name":"Accueil","item":"https:\/\/myparistouch.com\/fr\/"},{"@type":"ListItem","position":2,"name":"A propos"}]},{"@type":"WebSite","@id":"https:\/\/myparistouch.com\/fr\/#website","url":"https:\/\/myparistouch.com\/fr\/","name":"MyParisTouch","description":"Accompagnement des expatri\u00e9s \u00e0 Paris","publisher":{"@id":"https:\/\/myparistouch.com\/fr\/#organization"},"potentialAction":[{"@type":"SearchAction","target":{"@type":"EntryPoint","urlTemplate":"https:\/\/myparistouch.com\/fr\/?s={search_term_string}"},"query-input":{"@type":"PropertyValueSpecification","valueRequired":true,"valueName":"search_term_string"}}],"inLanguage":"fr-FR"},{"@type":"Organization","@id":"https:\/\/myparistouch.com\/fr\/#organization","name":"MyParisTouch","url":"https:\/\/myparistouch.com\/fr\/","logo":{"@type":"ImageObject","inLanguage":"fr-FR","@id":"https:\/\/myparistouch.com\/fr\/#\/schema\/logo\/image\/","url":"https:\/\/myparistouch.com\/wp-content\/uploads\/2020\/02\/logo-mpt-233x300-1.png","contentUrl":"https:\/\/myparistouch.com\/wp-content\/uploads\/2020\/02\/logo-mpt-233x300-1.png","width":233,"height":300,"caption":"MyParisTouch"},"image":{"@id":"https:\/\/myparistouch.com\/fr\/#\/schema\/logo\/image\/"},"sameAs":["https:\/\/www.facebook.com\/MyParisTouch\/?ref=bookmarks","https:\/\/x.com\/BriereDelphine","https:\/\/www.instagram.com\/myparistouch\/","https:\/\/www.linkedin.com\/in\/delphine-briere"]}]}},"_links":{"self":[{"href":"https:\/\/myparistouch.com\/fr\/wp-json\/wp\/v2\/pages\/98","targetHints":{"allow":["GET"]}}],"collection":[{"href":"https:\/\/myparistouch.com\/fr\/wp-json\/wp\/v2\/pages"}],"about":[{"href":"https:\/\/myparistouch.com\/fr\/wp-json\/wp\/v2\/types\/page"}],"author":[{"embeddable":true,"href":"https:\/\/myparistouch.com\/fr\/wp-json\/wp\/v2\/users\/2"}],"replies":[{"embeddable":true,"href":"https:\/\/myparistouch.com\/fr\/wp-json\/wp\/v2\/comments?post=98"}],"version-history":[{"count":45,"href":"https:\/\/myparistouch.com\/fr\/wp-json\/wp\/v2\/pages\/98\/revisions"}],"predecessor-version":[{"id":6022,"href":"https:\/\/myparistouch.com\/fr\/wp-json\/wp\/v2\/pages\/98\/revisions\/6022"}],"wp:attachment":[{"href":"https:\/\/myparistouch.com\/fr\/wp-json\/wp\/v2\/media?parent=98"}],"curies":[{"name":"wp","href":"https:\/\/api.w.org\/{rel}","templated":true}]}}